{"id":58,"date":"2017-03-13T10:27:58","date_gmt":"2017-03-13T10:27:58","guid":{"rendered":"http:\/\/kielerklinikclowns.de\/?page_id=58"},"modified":"2019-11-28T13:59:55","modified_gmt":"2019-11-28T13:59:55","slug":"konzept","status":"publish","type":"page","link":"https:\/\/kielerklinikclowns.de\/?page_id=58","title":{"rendered":"Konzept"},"content":{"rendered":"<h4><strong>Ein Lachen schenken<\/strong><\/h4>\n<p>\u201eD\u00fcrfen wir reinkommen?\u201c<\/p>\n<p>Bevor wir KlinikClowns ein Zimmer betreten, fragen wir zun\u00e4chst: \u201cD\u00fcrfen wir reinkommen?\u201c<\/p>\n<p>Die Kinder entscheiden, und wenn es m\u00f6glich ist, kann das Spiel beginnen. Dabei geht es nicht allein darum, die Kinder zu unterhalten.<\/p>\n<p>Der Clown ist mehr als ein Possenrei\u00dfer, mehr als ein Farbtupfer im Klinikbetrieb.<\/p>\n<p>Das Spiel zwischen Kind und Clowns ist eine Begegnung, bei der sich zwei Wesen-verwandte treffen; zwei, die von weit her kommen und mit stets neuem Staunen auf die Welt blicken.<\/p>\n<p>Dass der Clown ein Zeitwesen aus dem Kind und Erwachsenem ist &#8211; ein gro\u00dfes Kind, ein kindlicher Gro\u00dfer &#8211; ist das eigentliche Geheimnis seines Zaubers. Er ist ein Erwachsener, dem das Wunder gelungen ist, ein Kind zu bleiben. Er ist der magische Verb\u00fcndete in den K\u00fcmmernissen des Kindseins, ein Freund, vertraut wie der Geruch von Kakao und Apfelkuchen.<\/p>\n<p>Mal kunterbunt, mal leise und sanft, mal laut und lustig, bringt er Spa\u00df, Freude und Lachen ans Bett, verwandelt Atmosph\u00e4ren.<\/p>\n<p>Auch Geschwisterkinder, Eltern, Verwandte, Freunde, Pflegepersonal und \u00c4rzte werden sensibel mit ins Spiel einbezogen.<\/p>\n<h4>Lachen ist gesund!<\/h4>\n<p>Lachen allein macht gewiss nicht gesund, doch es beeinflusst das Wohlbefinden positiv und es vermag, indem es die Selbstheilungskr\u00e4fte im Kind aktiviert, Heilungsprozesse zu unterst\u00fctzen. Es\u00a0 lockert die Muskulatur, steigert den Sauerstoffaustausch im Blut, verringert das Schmerzempfinden, regt die Produktion von Abwehrzellen an.<\/p>\n<p>Die Klinikclowns k\u00f6nnen Leichtigkeit verbreiten, Spa\u00df, Lebensfreude und Zuversicht wecken. Ebenso verm\u00f6gen sie, auf ihre Art, kindlicher Traurigkeit und Angst, Raum zu geben. Es gibt in der Begegnung mit dem Kind weder f\u00fcr sie, schon gar nicht f\u00fcr das Kind, einen Zwang zum Lachen. Wenn Clownsbesuche \u201c gl\u00fccken\u201c, sind manchmal noch lange nach ihren Besuchen Nachwirkungen sp\u00fcrbar.<\/p>\n<p>Wir sind speziell f\u00fcr die Arbeit in Kliniken ausgebildete Improvisationk\u00fcnstler.<\/p>\n<p>Wir regen mit unserer Kunst die Phantasie der Kinder an, greifen deren Spielimpulse auf.<\/p>\n<p>Kurz: Sprechen die nat\u00fcrliche Lust der Kinder am Spiel an und arbeiten mit ihr unter den Bedingungen der Klinik<\/p>\n<h4><\/h4>\n","protected":false},"excerpt":{"rendered":"<p>Ein Lachen schenken \u201eD\u00fcrfen wir reinkommen?\u201c Bevor wir KlinikClowns ein Zimmer betreten, fragen wir zun\u00e4chst: \u201cD\u00fcrfen wir reinkommen?\u201c Die Kinder entscheiden, und wenn es m\u00f6glich ist, kann das Spiel beginnen. Dabei geht es nicht allein darum, die Kinder zu unterhalten.<\/p>\n","protected":false},"author":1,"featured_media":0,"parent":0,"menu_order":0,"comment_status":"closed","ping_status":"closed","template":"","meta":{"footnotes":""},"class_list":["post-58","page","type-page","status-publish","hentry"],"_links":{"self":[{"href":"https:\/\/kielerklinikclowns.de\/index.php?rest_route=\/wp\/v2\/pages\/58","targetHints":{"allow":["GET"]}}],"collection":[{"href":"https:\/\/kielerklinikclowns.de\/index.php?rest_route=\/wp\/v2\/pages"}],"about":[{"href":"https:\/\/kielerklinikclowns.de\/index.php?rest_route=\/wp\/v2\/types\/page"}],"author":[{"embeddable":true,"href":"https:\/\/kielerklinikclowns.de\/index.php?rest_route=\/wp\/v2\/users\/1"}],"replies":[{"embeddable":true,"href":"https:\/\/kielerklinikclowns.de\/index.php?rest_route=%2Fwp%2Fv2%2Fcomments&post=58"}],"version-history":[{"count":5,"href":"https:\/\/kielerklinikclowns.de\/index.php?rest_route=\/wp\/v2\/pages\/58\/revisions"}],"predecessor-version":[{"id":152,"href":"https:\/\/kielerklinikclowns.de\/index.php?rest_route=\/wp\/v2\/pages\/58\/revisions\/152"}],"wp:attachment":[{"href":"https:\/\/kielerklinikclowns.de\/index.php?rest_route=%2Fwp%2Fv2%2Fmedia&parent=58"}],"curies":[{"name":"wp","href":"https:\/\/api.w.org\/{rel}","templated":true}]}}