{"id":61,"date":"2017-03-13T10:28:34","date_gmt":"2017-03-13T10:28:34","guid":{"rendered":"http:\/\/kielerklinikclowns.de\/?page_id=61"},"modified":"2025-06-01T15:58:04","modified_gmt":"2025-06-01T15:58:04","slug":"spenden","status":"publish","type":"page","link":"https:\/\/kielerklinikclowns.de\/?page_id=61","title":{"rendered":"Spenden"},"content":{"rendered":"\n<p><strong>Wir freuen uns \u00fcber jede Spende zur Unterst\u00fctzung unserer Arbeit.<\/strong> Und: Ihre Spende ist steuerlich absetzbar!<\/p>\n\n\n\n<p>Bitte \u00fcberweisen Sie Ihre Spende an den Verein \u201eMein St\u00e4dtisches Kiel e. V.\u201d unter der folgenden Bankverbindung:<\/p>\n\n\n\n<p>IBAN: DE47 2105 0170 1400 2950 00, BIC: NOLADE21KIE, F\u00f6rdesparkasse Kiel.<\/p>\n\n\n\n<p>Bitte geben Sie als Verwendungszweck \u201eKlinik f\u00fcr Kinder- und Jugendmedizin \u2013 Stichwort: Klinikclowns\u201c an, damit Ihre Spende richtig zugeordnet werden kann. Eine Spendenbescheinigung erhalten Sie auf Wunsch von Birgitt Sch\u00fctz-Merkel, der Leiterin der Spendenprojekte am St\u00e4dtischen Krankenhaus Kiel. Folgen Sie dazu bitte diesem <a href=\"mailto:birgitt.schuetze-merkel@krankenhaus-kiel.de?subject=Spendenbescheinigung%20Klinikclowns\"><strong>Link <\/strong><\/a>und schreiben Sie ihr eine E-Mail, in der Sie die H\u00f6he Ihrer Spende und das \u00dcberweisungsdatum angeben. Das hilft bei der Zuordnung.<\/p>\n\n\n\n<p>\u00dcbrigens: In den meisten F\u00e4llen akzeptiert das Finanzamt bei Spenden bis zu 300 Euro den Kontoauszug als Beleg.<\/p>\n\n\n\n<p><strong>Herzlichen Dank !<\/strong><\/p>\n\n\n\n<h2 class=\"wp-block-heading\"><em><strong><a href=\"https:\/\/www.krankenhaus-kiel.de\/patienten-besucher\/klinikclowns\" target=\"_blank\" rel=\"noopener noreferrer\">-&gt; Hier geht es zu den Klinikclowns im St\u00e4dtischen Krankenhaus Kiel &lt;-<\/a><\/strong><\/em><\/h2>\n\n\n\n<p><\/p>\n","protected":false},"excerpt":{"rendered":"<p>Wir freuen uns \u00fcber jede Spende zur Unterst\u00fctzung unserer Arbeit. Und: Ihre Spende ist steuerlich absetzbar! Bitte \u00fcberweisen Sie Ihre Spende an den Verein \u201eMein St\u00e4dtisches Kiel e. V.\u201d unter der folgenden Bankverbindung: IBAN: DE47 2105 0170 1400 2950 00,<\/p>\n","protected":false},"author":1,"featured_media":0,"parent":0,"menu_order":0,"comment_status":"closed","ping_status":"closed","template":"","meta":{"footnotes":""},"class_list":["post-61","page","type-page","status-publish","hentry"],"_links":{"self":[{"href":"https:\/\/kielerklinikclowns.de\/index.php?rest_route=\/wp\/v2\/pages\/61","targetHints":{"allow":["GET"]}}],"collection":[{"href":"https:\/\/kielerklinikclowns.de\/index.php?rest_route=\/wp\/v2\/pages"}],"about":[{"href":"https:\/\/kielerklinikclowns.de\/index.php?rest_route=\/wp\/v2\/types\/page"}],"author":[{"embeddable":true,"href":"https:\/\/kielerklinikclowns.de\/index.php?rest_route=\/wp\/v2\/users\/1"}],"replies":[{"embeddable":true,"href":"https:\/\/kielerklinikclowns.de\/index.php?rest_route=%2Fwp%2Fv2%2Fcomments&post=61"}],"version-history":[{"count":14,"href":"https:\/\/kielerklinikclowns.de\/index.php?rest_route=\/wp\/v2\/pages\/61\/revisions"}],"predecessor-version":[{"id":291,"href":"https:\/\/kielerklinikclowns.de\/index.php?rest_route=\/wp\/v2\/pages\/61\/revisions\/291"}],"wp:attachment":[{"href":"https:\/\/kielerklinikclowns.de\/index.php?rest_route=%2Fwp%2Fv2%2Fmedia&parent=61"}],"curies":[{"name":"wp","href":"https:\/\/api.w.org\/{rel}","templated":true}]}}